{"id":589,"date":"2024-03-06T18:31:07","date_gmt":"2024-03-06T17:31:07","guid":{"rendered":"https:\/\/alexandrepinet.fr\/?page_id=589"},"modified":"2024-08-29T13:30:17","modified_gmt":"2024-08-29T11:30:17","slug":"contact","status":"publish","type":"page","link":"https:\/\/alexandrepinet.fr\/index.php\/contact\/","title":{"rendered":"Contact"},"content":{"rendered":"\n<div class=\"wp-block-group alignfull is-layout-flow wp-block-group-is-layout-flow\" style=\"margin-top:0px;margin-bottom:0px;padding-top:0px;padding-bottom:0px\">\n<div class=\"wp-block-group alignwide has-global-padding is-layout-constrained wp-container-core-group-is-layout-a5dd074b wp-block-group-is-layout-constrained\">\n<div class=\"wp-block-group is-layout-flow wp-block-group-is-layout-flow\" style=\"padding-top:64px;padding-bottom:64px\">\n<div class=\"wp-block-columns is-layout-flex wp-container-core-columns-is-layout-28f84493 wp-block-columns-is-layout-flex\">\n<div class=\"wp-block-column is-layout-flow wp-block-column-is-layout-flow\" style=\"flex-basis:42%\">\n<h4 class=\"wp-block-heading has-text-color has-link-color has-gigantic-font-size wp-elements-69123e7b2dfb5a095bd49a6ddb344458\" id=\"explore\" style=\"color:#0d0e0e;margin-top:0px;margin-bottom:0px;font-style:italic;font-weight:900;letter-spacing:-3px\">Contact \/ Info<\/h4>\n\n\n\n<figure class=\"wp-block-image alignleft size-full\"><img loading=\"lazy\" decoding=\"async\" width=\"1440\" height=\"1440\" src=\"https:\/\/alexandrepinet.fr\/wp-content\/uploads\/2024\/03\/1723120211885sqaure-1.jpg\" alt=\"\" class=\"wp-image-1269\" style=\"aspect-ratio:1;object-fit:cover\" srcset=\"https:\/\/alexandrepinet.fr\/wp-content\/uploads\/2024\/03\/1723120211885sqaure-1.jpg 1440w, https:\/\/alexandrepinet.fr\/wp-content\/uploads\/2024\/03\/1723120211885sqaure-1-300x300.jpg 300w, https:\/\/alexandrepinet.fr\/wp-content\/uploads\/2024\/03\/1723120211885sqaure-1-1024x1024.jpg 1024w, https:\/\/alexandrepinet.fr\/wp-content\/uploads\/2024\/03\/1723120211885sqaure-1-150x150.jpg 150w, https:\/\/alexandrepinet.fr\/wp-content\/uploads\/2024\/03\/1723120211885sqaure-1-768x768.jpg 768w, https:\/\/alexandrepinet.fr\/wp-content\/uploads\/2024\/03\/1723120211885sqaure-1-200x200.jpg 200w\" sizes=\"auto, (max-width: 1440px) 100vw, 1440px\" \/><\/figure>\n<\/div>\n\n\n\n<div class=\"wp-block-column has-text-color has-link-color wp-elements-0c8ae95c4b6b4f7c547e09708744b347 is-layout-flow wp-block-column-is-layout-flow\" style=\"color:#0d0e0e;flex-basis:50%\">\n<p class=\"has-extra-large-font-size\" style=\"margin-right:0px;margin-left:0px;font-style:italic;font-weight:700;letter-spacing:-1px\">Mail : <a href=\"mailto:hello@alexandrepinet.fr\">hello@alexandrepinet.fr<\/a><br>Mob : <a href=\"tel:0668581518\" data-type=\"tel\" data-id=\"tel:0668581518\">06 68 58 15 18<\/a><\/p>\n\n\n\n<p class=\"has-extra-large-font-size\" style=\"margin-right:0px;margin-left:0px;font-style:italic;font-weight:700;letter-spacing:-1px\"><a href=\"https:\/\/drive.google.com\/file\/d\/1v0JCH35zI5ECyoQ2O7gckaVugQZFMVZ_\/view?usp=drive_link\" data-type=\"link\" data-id=\"https:\/\/drive.google.com\/file\/d\/1v0JCH35zI5ECyoQ2O7gckaVugQZFMVZ_\/view?usp=drive_link\" target=\"_blank\" rel=\"noreferrer noopener\">CV<\/a><br><a href=\"http:\/\/instagram.com\/alexp.motion\/\" data-type=\"link\" data-id=\"instagram.com\/alexp.motion\/\" target=\"_blank\" rel=\"noreferrer noopener\">Instagram<\/a><br><a href=\"http:\/\/behance.net\/alexpinet\" data-type=\"link\" data-id=\"behance.net\/alexpinet\" target=\"_blank\" rel=\"noreferrer noopener\">Behance<\/a><br><a href=\"https:\/\/vimeo.com\/alexandrepinet\" data-type=\"link\" data-id=\"https:\/\/vimeo.com\/alexandrepinet\" target=\"_blank\" rel=\"noreferrer noopener\">Vimeo<\/a><br><a href=\"http:\/\/linkedin.com\/in\/alexandre-pinet-18201848\/\" data-type=\"link\" data-id=\"http:\/\/linkedin.com\/in\/alexandre-pinet-18201848\/\" target=\"_blank\" rel=\"noreferrer noopener\">LinkedIn<\/a><\/p>\n\n\n\n<p class=\"has-extra-large-font-size\" style=\"margin-right:0px;margin-left:0px;font-style:italic;font-weight:700;letter-spacing:-1px;line-height:1.5\">Alexandre Pinet<br>62 Avenue Claude Vellefaux<br>75010 Paris<\/p>\n\n\n\n<p class=\"has-extra-large-font-size\" style=\"margin-right:0px;margin-left:0px;font-style:italic;font-weight:700;letter-spacing:-1px\">Siret : 522 990 357 00017<br>APE : 9003A \/ MDA : P918971<\/p>\n\n\n\n<p class=\"has-medium-font-size\" style=\"margin-right:0px;margin-left:0px\">S\u00e9lection de clients :<br>Ag\u00e9fiph \/ AKTO \/ Association Fran\u00e7aise des Banques (AFB) \/ Autorit\u00e9 de S\u00fbret\u00e9 Nucl\u00e9aire (ASN) \/ CHD Clinique Hygi\u00e8ne Dentaire \/ CLAAS \/ F\u00e9d\u00e9ration du Service aux Particuliers (FESP) \/ France 5 \/ Interparfums \/ Lutti \/ Onisep \/ Puressentiel \/ Sony France \/ TotalEnergies<\/p>\n<\/div>\n<\/div>\n<\/div>\n<\/div>\n<\/div>\n","protected":false},"excerpt":{"rendered":"","protected":false},"author":1,"featured_media":0,"parent":0,"menu_order":0,"comment_status":"closed","ping_status":"closed","template":"template-no-title","meta":{"_eb_attr":"","footnotes":""},"class_list":["post-589","page","type-page","status-publish","hentry"],"_links":{"self":[{"href":"https:\/\/alexandrepinet.fr\/index.php\/wp-json\/wp\/v2\/pages\/589","targetHints":{"allow":["GET"]}}],"collection":[{"href":"https:\/\/alexandrepinet.fr\/index.php\/wp-json\/wp\/v2\/pages"}],"about":[{"href":"https:\/\/alexandrepinet.fr\/index.php\/wp-json\/wp\/v2\/types\/page"}],"author":[{"embeddable":true,"href":"https:\/\/alexandrepinet.fr\/index.php\/wp-json\/wp\/v2\/users\/1"}],"replies":[{"embeddable":true,"href":"https:\/\/alexandrepinet.fr\/index.php\/wp-json\/wp\/v2\/comments?post=589"}],"version-history":[{"count":6,"href":"https:\/\/alexandrepinet.fr\/index.php\/wp-json\/wp\/v2\/pages\/589\/revisions"}],"predecessor-version":[{"id":660,"href":"https:\/\/alexandrepinet.fr\/index.php\/wp-json\/wp\/v2\/pages\/589\/revisions\/660"}],"wp:attachment":[{"href":"https:\/\/alexandrepinet.fr\/index.php\/wp-json\/wp\/v2\/media?parent=589"}],"curies":[{"name":"wp","href":"https:\/\/api.w.org\/{rel}","templated":true}]}}